{"id":3391,"date":"2018-12-03T18:41:45","date_gmt":"2018-12-03T17:41:45","guid":{"rendered":"https:\/\/www.lonac.de\/?page_id=3391"},"modified":"2019-08-06T12:44:27","modified_gmt":"2019-08-06T10:44:27","slug":"zimmer","status":"publish","type":"page","link":"https:\/\/www.lonac.de\/en\/zimmer\/","title":{"rendered":"Zimmer"},"content":{"rendered":"<div id=\"pl-3391\"  class=\"panel-layout\" ><div id=\"pg-3391-0\"  class=\"panel-grid panel-no-style\" ><div id=\"pgc-3391-0-0\"  class=\"panel-grid-cell\" ><div id=\"panel-3391-0-0-0\" class=\"so-panel widget widget_sow-editor panel-first-child panel-last-child\" data-index=\"0\" ><div\n\t\t\t\n\t\t\tclass=\"so-widget-sow-editor so-widget-sow-editor-base\"\n\t\t\t\n\t\t>\n<div class=\"siteorigin-widget-tinymce textwidget\">\n\t<p>Sei es ein gesch\u00e4ftlicher oder ein privater Besuch, der Sie in unser Haus f\u00fchrt, die neuen, komfortabel eingerichteten Zimmer lassen beim anspruchsvollen Gast keinen Wunsch offen<\/p>\n<p>Lieben Sie es eher gem\u00fctlich-stilvoll oder sollte es etwas moderneres sein? Sie w\u00e4hlen nach Ihrem Wohlgef\u00fchl.<\/p>\n<p>Wir sind sicher, dass wir auch Ihren Geschmack treffen.<\/p>\n<p>Es w\u00fcrde uns freuen, wenn Sie den Tag bei uns erfrischt beginnen und den Abend entspannt ausklingen lassen.<\/p>\n<p>Daf\u00fcr bieten wir Ihnen unsere Badezimmer, welche allesamt nach dem neuesten Stand der Technik eingerichtet sind.<br \/>Jedes unserer Zimmer verf\u00fcgt \u00fcber ein Bad mit Dusche oder Wanne und WC.<\/p>\n<p>Im hellen, freundlichen und gro\u00dfz\u00fcgigen Fr\u00fchst\u00fccksraum unseres Hotels beginnen Sie den Tag frohgestimmt und werden schon morgens umsorgt.<br \/>Das Fr\u00fchst\u00fcck besteht aus einem reichhaltigen Buffet, welches kaum W\u00fcnsche offen l\u00e4sst. So f\u00e4ngt der Tag gut an.<\/p>\n<p>Im vorgelagerten Restaurant \"Balkanhof\" k\u00f6nnen unsere G\u00e4ste ohne Umwege und ganz bequem zu Mittag oder zu Abend essen. Das Restaurant ist aufwendig und rustikal eingerichtet und bietet sowohl kleinen als auch gro\u00dfen Gesellschaften Platz.<\/p>\n\n\t\t<div class=\"container room-container\"><div class=\"hotel-booking-rooms-search\"><h3>Check avaibility<\/h3><form name=\"hb-search-form\" class=\"hb-search-form hb-form-table\" ><div class=\"hb-form-field-input\"><label>Check-in Date<\/label><input type=\"text\" name=\"check_in_date\" class=\"hb_input_date_check\" value=\"2026\/04\/08\" placeholder=\"Check-in Date\" autocomplete=\"off\"\/><\/div><div class=\"hb-form-field-input\"><label>Check-out Date<\/label><input type=\"text\" name=\"check_out_date\" class=\"hb_input_date_check\" value=\"2026\/04\/09\" placeholder=\"Check-out Date\" autocomplete=\"off\"\/><\/div><div class=\"hb-form-field hb-form-number\"><label>Adults<\/label><div class=\"hb-form-field-input hb-input-field-number\">\r\n\t\t        <input type=\"number\" step=\"1\" min=\"1\" name=\"adults_capacity\" value=\"1\" \/>\r\n\t\t    <\/div><div class=\"hb-form-field-list nav-number-input-field\">\r\n\t\t        <span class=\"label\"><label>Adults<\/label><\/span>\r\n\t\t        <div class=\"number-box\">\r\n\t\t            <span class=\"number-icons hb-goDown\"><i class=\"fa fa-minus\"><\/i><\/span>\r\n\t\t            <span class=\"hb-number-field-value\">\r\n\t\t            <\/span>\r\n\t\t            <span class=\"number-icons hb-goUp\"><i class=\"fa fa-plus\"><\/i><\/span>\r\n\t\t        <\/div>\r\n\t\t    <\/div><\/div><div class=\"hb-form-field hb-form-number\"><label>Children<\/label><div class=\"hb-form-field-input hb-input-field-number\">\r\n\t\t        <input type=\"number\" step=\"1\" min=\"0\" name=\"max_child\" value=\"0\" \/>\r\n\t\t    <\/div><div class=\"hb-form-field-list nav-number-input-field\">\r\n\t\t        <span class=\"label\"><label>Children<\/label><\/span>\r\n\t\t        <div class=\"number-box\">\r\n\t\t            <span class=\"number-icons hb-goDown\"><i class=\"fa fa-minus\"><\/i><\/span>\r\n\t\t            <span class=\"hb-number-field-value\">\r\n\t\t            <\/span>\r\n\t\t            <span class=\"number-icons hb-goUp\"><i class=\"fa fa-plus\"><\/i><\/span>\r\n\t\t        <\/div>\r\n\t\t    <\/div><\/div><div class=\"hb-form-field hb-form-number\"><label>Rooms<\/label><div class=\"hb-form-field-input hb-input-field-number\">\r\n\t\t        <input type=\"number\" step=\"1\" min=\"1\" name=\"room_qty\" value=\"1\" \/>\r\n\t\t    <\/div><div class=\"hb-form-field-list nav-number-input-field\">\r\n\t\t        <span class=\"label\"><label>Rooms<\/label><\/span>\r\n\t\t        <div class=\"number-box\">\r\n\t\t            <span class=\"number-icons hb-goDown\"><i class=\"fa fa-minus\"><\/i><\/span>\r\n\t\t            <span class=\"hb-number-field-value\">\r\n\t\t            <\/span>\r\n\t\t            <span class=\"number-icons hb-goUp\"><i class=\"fa fa-plus\"><\/i><\/span>\r\n\t\t        <\/div>\r\n\t\t    <\/div><\/div><div class=\"hb-form-field-input\"><button type=\"submit\" class=\"rooms-check-avaibility\">Check avaibility<\/button><\/div><\/form><\/div><div>\n<div id=\"hotel-booking-search-filter\" class=\"hotel-booking-search-filter\">\n\t<div class=\"hotel-booking-search-filter-inner\">\n\t    <h3>\n\t\t\tFilter By\t\t<\/h3>\n\n\t    <form class=\"search-filter-form\" action=\"\">\n\t        <div class=\"hb-form-table\">\n\t\t\t\t    <div class=\"hb-price-field\" data-min=\"0\"\n         data-max=\"100\"\n         data-step=\"1\">\n        <div class=\" title\">Price<\/div>\n        <input type=\"hidden\" class=\"hb-min-price\" name=\"min-price\"\n               value=\"\">\n        <input type=\"hidden\" class=\"hb-max-price\" name=\"max-price\"\n               value=\"\">\n        <div class=\"hb-search-price\">\n            <div class=\"hb-price-range\"><\/div>\n            <div>\n                <span class=\"min\">0.00<\/span>\n                -\n                <span class=\"max\">100.00<\/span>\n            <\/div>\n        <\/div>\n    <\/div>\n\t<div class=\"hb-rating-field\">\n\t\t<h4> Rating<\/h4>\n\t\t<ul class=\"rating-list\">\n\t\t\t\t\t\t\t<li class=\"list-item\">\n\t\t\t\t\t<div class=\"rating\">\n\t\t\t\t\t\t<label>\n\t\t\t\t\t\t\t<input type=\"checkbox\" name=\"rating\" value=\"1\">\n\t\t\t\t\t\t\t<span>\n\t\t\t\t\t\t\t\t1 star\t\t\t\t\t\t\t<\/span>\n\t\t\t\t\t\t<\/label>\n\t\t\t\t\t<\/div>\n\t\t\t\t\t<div class=\"rating-number\">\n\t\t\t\t\t\t0\t\t\t\t\t<\/div>\n\t\t\t\t<\/li>\n\t\t\t\t\t\t\t\t<li class=\"list-item\">\n\t\t\t\t\t<div class=\"rating\">\n\t\t\t\t\t\t<label>\n\t\t\t\t\t\t\t<input type=\"checkbox\" name=\"rating\" value=\"2\">\n\t\t\t\t\t\t\t<span>\n\t\t\t\t\t\t\t\t2 stars\t\t\t\t\t\t\t<\/span>\n\t\t\t\t\t\t<\/label>\n\t\t\t\t\t<\/div>\n\t\t\t\t\t<div class=\"rating-number\">\n\t\t\t\t\t\t0\t\t\t\t\t<\/div>\n\t\t\t\t<\/li>\n\t\t\t\t\t\t\t\t<li class=\"list-item\">\n\t\t\t\t\t<div class=\"rating\">\n\t\t\t\t\t\t<label>\n\t\t\t\t\t\t\t<input type=\"checkbox\" name=\"rating\" value=\"3\">\n\t\t\t\t\t\t\t<span>\n\t\t\t\t\t\t\t\t3 stars\t\t\t\t\t\t\t<\/span>\n\t\t\t\t\t\t<\/label>\n\t\t\t\t\t<\/div>\n\t\t\t\t\t<div class=\"rating-number\">\n\t\t\t\t\t\t0\t\t\t\t\t<\/div>\n\t\t\t\t<\/li>\n\t\t\t\t\t\t\t\t<li class=\"list-item\">\n\t\t\t\t\t<div class=\"rating\">\n\t\t\t\t\t\t<label>\n\t\t\t\t\t\t\t<input type=\"checkbox\" name=\"rating\" value=\"4\">\n\t\t\t\t\t\t\t<span>\n\t\t\t\t\t\t\t\t4 stars\t\t\t\t\t\t\t<\/span>\n\t\t\t\t\t\t<\/label>\n\t\t\t\t\t<\/div>\n\t\t\t\t\t<div class=\"rating-number\">\n\t\t\t\t\t\t0\t\t\t\t\t<\/div>\n\t\t\t\t<\/li>\n\t\t\t\t\t\t\t\t<li class=\"list-item\">\n\t\t\t\t\t<div class=\"rating\">\n\t\t\t\t\t\t<label>\n\t\t\t\t\t\t\t<input type=\"checkbox\" name=\"rating\" value=\"5\">\n\t\t\t\t\t\t\t<span>\n\t\t\t\t\t\t\t\t5 stars\t\t\t\t\t\t\t<\/span>\n\t\t\t\t\t\t<\/label>\n\t\t\t\t\t<\/div>\n\t\t\t\t\t<div class=\"rating-number\">\n\t\t\t\t\t\t0\t\t\t\t\t<\/div>\n\t\t\t\t<\/li>\n\t\t\t\t\t\t\t<li class=\"list-item unrated\">\n\t\t\t\t<div class=\"rating\">\n\t\t\t\t\t<label>\n\t\t\t\t\t\t<input type=\"checkbox\" name=\"rating\" value=\"unrated\">\n\t\t\t\t\t\t<span>Unrated<\/span>\n\t\t\t\t\t<\/label>\n\t\t\t\t<\/div>\n\t\t\t\t<div class=\"rating-number\">\n\t\t\t\t\t3\t\t\t\t<\/div>\n\t\t\t<\/li>\n\t\t<\/ul>\n\t<\/div>\n<div class=\"hb-type-field\">\n\t<h4>Room Types<\/h4>\n\t<ul class=\"room-type-list\">\n\t\t\t\t\t<li class=\"list-item\">\n\t\t\t\t<div class=\"room-type\">\n\t\t\t\t\t<label>\n\t\t\t\t\t\t<input type=\"checkbox\" name=\"room_type\" value=\"28\">\n\t\t\t\t\t\t<span>Double Room - Mahagony<\/span>\n\t\t\t\t\t<\/label>\n\t\t\t\t<\/div>\n\t\t\t\t<div class=\"room-type-number\">\n\t\t\t\t\t<a href=\"https:\/\/www.lonac.de\/en\/room-type\/doppelzimmer-mahagony\/\">0<\/a>\n\t\t\t\t<\/div>\n\t\t\t<\/li>\n\t\t\t\t\t\t<li class=\"list-item\">\n\t\t\t\t<div class=\"room-type\">\n\t\t\t\t\t<label>\n\t\t\t\t\t\t<input type=\"checkbox\" name=\"room_type\" value=\"27\">\n\t\t\t\t\t\t<span>Double Room<\/span>\n\t\t\t\t\t<\/label>\n\t\t\t\t<\/div>\n\t\t\t\t<div class=\"room-type-number\">\n\t\t\t\t\t<a href=\"https:\/\/www.lonac.de\/en\/room-type\/double-room\/\">1<\/a>\n\t\t\t\t<\/div>\n\t\t\t<\/li>\n\t\t\t\t\t\t<li class=\"list-item\">\n\t\t\t\t<div class=\"room-type\">\n\t\t\t\t\t<label>\n\t\t\t\t\t\t<input type=\"checkbox\" name=\"room_type\" value=\"30\">\n\t\t\t\t\t\t<span>Single Room<\/span>\n\t\t\t\t\t<\/label>\n\t\t\t\t<\/div>\n\t\t\t\t<div class=\"room-type-number\">\n\t\t\t\t\t<a href=\"https:\/\/www.lonac.de\/en\/room-type\/single-room\/\">0<\/a>\n\t\t\t\t<\/div>\n\t\t\t<\/li>\n\t\t\t\t\t\t<li class=\"list-item\">\n\t\t\t\t<div class=\"room-type\">\n\t\t\t\t\t<label>\n\t\t\t\t\t\t<input type=\"checkbox\" name=\"room_type\" value=\"25\">\n\t\t\t\t\t\t<span>Canopy-Bed Room<\/span>\n\t\t\t\t\t<\/label>\n\t\t\t\t<\/div>\n\t\t\t\t<div class=\"room-type-number\">\n\t\t\t\t\t<a href=\"https:\/\/www.lonac.de\/en\/room-type\/canopy-bed-room\/\">1<\/a>\n\t\t\t\t<\/div>\n\t\t\t<\/li>\n\t\t\t\t\t\t<li class=\"list-item\">\n\t\t\t\t<div class=\"room-type\">\n\t\t\t\t\t<label>\n\t\t\t\t\t\t<input type=\"checkbox\" name=\"room_type\" value=\"31\">\n\t\t\t\t\t\t<span>Twin Room<\/span>\n\t\t\t\t\t<\/label>\n\t\t\t\t<\/div>\n\t\t\t\t<div class=\"room-type-number\">\n\t\t\t\t\t<a href=\"https:\/\/www.lonac.de\/en\/room-type\/twin-room\/\">1<\/a>\n\t\t\t\t<\/div>\n\t\t\t<\/li>\n\t\t\t\t<\/ul>\n<\/div>\n\n\t\t\t\t<div class=\"clear-reset-filter\">\n\t\t\t\t\t\t\t\t\t\t\t<button type=\"button\" class=\"hb-room-filter-btn\">Filter<\/button>\n\t\t\t\t\t\n\t\t\t\t\t<div class=\"clear-filter\">\n\t\t\t\t\t\t<button type=\"button\">\n\t\t\t\t\t\t\tReset\t\t\t\t\t\t<\/button>\n\t            <\/div>\n\t\t\t\t<\/div>\n\t        <\/div>\n\t    <\/form>\n    <\/div>\n<\/div>\n<div class=\"room-content\">\t<div class=\"sort-by-wrapper\">\n\t\t\t\t<div class=\"show-number\">\n\t\t\tShowing the last items of 2 results.\t\t<\/div>\n\n\t\t<div class=\"sort-by\">\n\t\t\t<span class=\"sort-by__label\">Sort By :<\/span>\n\t\t\t<div class=\"select\">\n\t\t\t\t<div class=\"toggle\">\n\t\t\t\t\tDefault (Newest)\t\t\t\t<\/div>\n\t\t\t\t<ul class=\"sort-by__list\">\n\t\t\t\t\t\t\t\t\t\t\t<li class=\"sort-by__list-item active\" data-value=\"date-desc\">\n\t\t\t\t\t\t\tDefault (Newest)\t\t\t\t\t\t<\/li>\n\t\t\t\t\t\t\t\t\t\t\t\t<li class=\"sort-by__list-item\" data-value=\"date-asc\">\n\t\t\t\t\t\t\tOldest\t\t\t\t\t\t<\/li>\n\t\t\t\t\t\t\t\t\t\t\t\t<li class=\"sort-by__list-item\" data-value=\"title-asc\">\n\t\t\t\t\t\t\tA to Z\t\t\t\t\t\t<\/li>\n\t\t\t\t\t\t\t\t\t\t\t\t<li class=\"sort-by__list-item\" data-value=\"title-desc\">\n\t\t\t\t\t\t\tZ to A\t\t\t\t\t\t<\/li>\n\t\t\t\t\t\t\t\t\t\t<\/ul>\n\t\t\t<\/div>\n\t\t<\/div>\n\t\t\t<\/div>\n\n<ul class=\"rooms tp-hotel-booking hb-catalog-column-3\">\n\n\n<li id=\"room-2287\" class=\"col-md-4 col-sm-6 col-xs-6 post-2287 hb_room type-hb_room status-publish has-post-thumbnail hentry hb_room_type-twin-room\">\n\n\t\n\t<div class=\"summary entry-summary\">\n\n\t\t\n<div class=\"media\">\n\t<img src=\"https:\/\/www.lonac.de\/wp-content\/uploads\/2019\/12\/003-twin-room-540x540.jpg\" width=\"540\" height=\"540\" alt=\"Twin Zimmer\"\/>\t\t<div class=\"actions\">\n\t\t<div class=\"action-btn\">\n\t\t\t<a href=\"https:\/\/www.lonac.de\/en\/room\/twin-room\/\" class=\"button readmore\">\n\t\t\t\t<i class=\"las la-external-link-square-alt\"><\/i>\n\t\t\t<\/a>\n\t\t<\/div>\n\t<\/div>\n<\/div>\t\t<div class=\"content-room\">\n\t\t\t<div class=\"title-room\">\n\t\t\t\t\n<div class=\"title\">\n\t<h4>\n\t\t<a href=\"https:\/\/www.lonac.de\/en\/room\/twin-room\/\">Twin room<\/a>\n\t<\/h4>\n<\/div>\n<div class=\"room-types\"><a href=\"https:\/\/www.lonac.de\/en\/room-type\/twin-room\/\" rel=\"tag\">Twin Room<\/a><\/div>\t\t\t<\/div>\n\t\t\t<div class=\"description\"><p>Twin rooms are equipped with two seperated beds.<\/p>\r\n<div class=\"information_services\">\r\n\t<ul>\r\n\t\t<li title=\"Free Wifi\"><i class=\"fa fa-wifi\"><\/i><\/li>\r\n\t\t<li title=\"Room with phone\"><i class=\"fa fa-phone\"><\/i><\/li>\r\n\t\t<li title=\"Flat screen TV\"><i class=\"fa fa-television\"><\/i><\/li>\r\n\t\t<li title=\"Air conditioning\"><i class=\"fa fa-snowflake-o\"><\/i><\/li>\r\n\t\t<li title=\"Breakfast included\"><i class=\"fa fa-cutlery\"><\/i><\/li>\r\n\t<\/ul>\r\n<\/div><\/div>\t\t\t\n<div class=\"footer-content-room\">\n\t\n\t\t<div class=\"price\">\n\t\t\t<span class=\"title-price\">Price:<\/span>\n\n\t\t\t\t\t\t\t<span class=\"price_value price_min\">\n\t            &euro; 0.0<span class=\"unit\">night<\/span>\n            <\/span>\n\t\t\t\n\t\t<\/div>\n\t\n\t<div class=\"actions\">\n\t\t<div class=\"action-btn\">\n\t\t\t<a href=\"https:\/\/www.lonac.de\/en\/room\/twin-room\/\" class=\"button readmore\">\n\t\t\t\tMore Info\t\t\t<\/a>\n\t\t<\/div>\n\t<\/div>\n<\/div>\t\t<\/div>\n\n\t\t\n\t<\/div><!-- .summary -->\n\n\t\n<\/li>\n\n\n\n<li id=\"room-2155\" class=\"col-md-4 col-sm-6 col-xs-6 post-2155 hb_room type-hb_room status-publish has-post-thumbnail hentry hb_room_type-canopy-bed-room\">\n\n\t\n\t<div class=\"summary entry-summary\">\n\n\t\t\n<div class=\"media\">\n\t<img src=\"https:\/\/www.lonac.de\/wp-content\/uploads\/2019\/12\/041-canopy-540x540.jpg\" width=\"540\" height=\"540\" alt=\"Himmelbett-Zimmer\"\/>\t\t<div class=\"actions\">\n\t\t<div class=\"action-btn\">\n\t\t\t<a href=\"https:\/\/www.lonac.de\/en\/room\/canopy-bed-room\/\" class=\"button readmore\">\n\t\t\t\t<i class=\"las la-external-link-square-alt\"><\/i>\n\t\t\t<\/a>\n\t\t<\/div>\n\t<\/div>\n<\/div>\t\t<div class=\"content-room\">\n\t\t\t<div class=\"title-room\">\n\t\t\t\t\n<div class=\"title\">\n\t<h4>\n\t\t<a href=\"https:\/\/www.lonac.de\/en\/room\/canopy-bed-room\/\">Canopy-Bed Room<\/a>\n\t<\/h4>\n<\/div>\n<div class=\"room-types\"><a href=\"https:\/\/www.lonac.de\/en\/room-type\/canopy-bed-room\/\" rel=\"tag\">Canopy-Bed Room<\/a><\/div>\t\t\t<\/div>\n\t\t\t<div class=\"description\"><p>The four-poster bedroom is romantically arranged and decorated in smooth colours.<\/p>\r\n<div class=\"information_services\">\r\n\t<ul>\r\n\t\t<li title=\"Free Wifi\"><i class=\"fa fa-wifi\"><\/i><\/li>\r\n\t\t<li title=\"Room with phone\"><i class=\"fa fa-phone\"><\/i><\/li>\r\n\t\t<li title=\"Flat screen TV\"><i class=\"fa fa-television\"><\/i><\/li>\r\n\t\t<li title=\"Air conditioning\"><i class=\"fa fa-snowflake-o\"><\/i><\/li>\r\n\t\t<li title=\"Breakfast included\"><i class=\"fa fa-cutlery\"><\/i><\/li>\r\n\t<\/ul>\r\n<\/div><\/div>\t\t\t\n<div class=\"footer-content-room\">\n\t\n\t\t<div class=\"price\">\n\t\t\t<span class=\"title-price\">Price:<\/span>\n\n\t\t\t\t\t\t\t<span class=\"price_value price_min_to_max\">\n\t\t\t\t&euro; 85.8 - &euro; 96.8\t\t\t\t\t<span class=\"unit\">night<\/span>\n\t\t\t<\/span>\n\n\t\t\t\n\t\t<\/div>\n\t\n\t<div class=\"actions\">\n\t\t<div class=\"action-btn\">\n\t\t\t<a href=\"https:\/\/www.lonac.de\/en\/room\/canopy-bed-room\/\" class=\"button readmore\">\n\t\t\t\tMore Info\t\t\t<\/a>\n\t\t<\/div>\n\t<\/div>\n<\/div>\t\t<\/div>\n\n\t\t\n\t<\/div><!-- .summary -->\n\n\t\n<\/li>\n\n\n<\/ul>\n\n<\/div><\/div><\/div>\n\t\t\n\t\n<\/div>\n<\/div><\/div><\/div><\/div><div id=\"pg-3391-1\"  class=\"panel-grid panel-no-style\" ><div id=\"pgc-3391-1-0\"  class=\"panel-grid-cell\" ><div id=\"panel-3391-1-0-0\" class=\"so-panel widget widget_hb_widget_carousel panel-first-child panel-last-child\" data-index=\"1\" ><div id=\"hotel_booking_slider_69d6198596e24\" class=\"hb_room_carousel_container tp-hotel-booking\">\n\t\t<!--navigation-->\n\t\t<!--pagination-->\n\t\t<!--text_link-->\n\t\t<div class=\"hb_room_carousel\">\n\t\t<ul class=\"rooms owl-carousel tp-hotel-booking hb-catalog-column-3\">\n\t\t\t\n\t\t\t\t<li id=\"room-1986\" class=\"post-1986 hb_room type-hb_room status-publish has-post-thumbnail hentry hb_room_type-double-room\">\n\n\t\t\t\t\t\n\t\t\t\t\t<div class=\"summary entry-summary\">\n\n\t\t\t\t\t\t\n<div class=\"media\">\n\t<img src=\"https:\/\/www.lonac.de\/wp-content\/uploads\/2019\/12\/001-double-room-540x540.jpg\" width=\"540\" height=\"540\" alt=\"\"\/>\t\t<div class=\"actions\">\n\t\t<div class=\"action-btn\">\n\t\t\t<a href=\"https:\/\/www.lonac.de\/en\/room\/double-room\/\" class=\"button readmore\">\n\t\t\t\t<i class=\"las la-external-link-square-alt\"><\/i>\n\t\t\t<\/a>\n\t\t<\/div>\n\t<\/div>\n<\/div>\t\t\t\t\t\t<div class=\"content-room\">\n\t\t\t\t\t\t\t<div class=\"title-room\">\n\t\t\t\t\t\t\t\t\n<div class=\"title\">\n\t<h4>\n\t\t<a href=\"https:\/\/www.lonac.de\/en\/room\/double-room\/\">Single\/Double Room<\/a>\n\t<\/h4>\n<\/div>\n<div class=\"room-types\"><a href=\"https:\/\/www.lonac.de\/en\/room-type\/double-room\/\" rel=\"tag\">Double Room<\/a><\/div>\t\t\t\t\t\t\t<\/div>\n\t\t\t\t\t\t\t<div class=\"description\"><p>Rooms of this category extend to 24 m\u00b2 and are designed in pleasantly inviting colours.<\/p>\r\n<div class=\"information_services\">\r\n\t<ul>\r\n\t\t<li title=\"Free Wifi\"><i class=\"fa fa-wifi\"><\/i><\/li>\r\n\t\t<li title=\"Room with phone\"><i class=\"fa fa-phone\"><\/i><\/li>\r\n\t\t<li title=\"Flat screen TV\"><i class=\"fa fa-television\"><\/i><\/li>\r\n\t\t<li title=\"Air conditioning\"><i class=\"fa fa-snowflake-o\"><\/i><\/li>\r\n\t\t<li title=\"Breakfast included\"><i class=\"fa fa-cutlery\"><\/i><\/li>\r\n\t<\/ul>\r\n<\/div><\/div>\t\t\t\t\t\t<\/div>\n\n\t\t\t\t\t\t\n<div class=\"footer-content-room\">\n\t\n\t\t<div class=\"price\">\n\t\t\t<span class=\"title-price\">Price:<\/span>\n\n\t\t\t\t\t\t\t<span class=\"price_value price_min_to_max\">\n\t\t\t\t&euro; 85.8 - &euro; 96.8\t\t\t\t\t<span class=\"unit\">night<\/span>\n\t\t\t<\/span>\n\n\t\t\t\n\t\t<\/div>\n\t\n\t<div class=\"actions\">\n\t\t<div class=\"action-btn\">\n\t\t\t<a href=\"https:\/\/www.lonac.de\/en\/room\/double-room\/\" class=\"button readmore\">\n\t\t\t\tMore Info\t\t\t<\/a>\n\t\t<\/div>\n\t<\/div>\n<\/div>\t\t\t\t\t<\/div><!-- .summary -->\n\n\t\t\t\t\t\n\t\t\t\t<\/li>\n\n\t\t\t\n\t\t\t\t<li id=\"room-2287\" class=\"post-2287 hb_room type-hb_room status-publish has-post-thumbnail hentry hb_room_type-twin-room\">\n\n\t\t\t\t\t\n\t\t\t\t\t<div class=\"summary entry-summary\">\n\n\t\t\t\t\t\t\n<div class=\"media\">\n\t<img src=\"https:\/\/www.lonac.de\/wp-content\/uploads\/2019\/12\/003-twin-room-540x540.jpg\" width=\"540\" height=\"540\" alt=\"Twin Zimmer\"\/>\t\t<div class=\"actions\">\n\t\t<div class=\"action-btn\">\n\t\t\t<a href=\"https:\/\/www.lonac.de\/en\/room\/twin-room\/\" class=\"button readmore\">\n\t\t\t\t<i class=\"las la-external-link-square-alt\"><\/i>\n\t\t\t<\/a>\n\t\t<\/div>\n\t<\/div>\n<\/div>\t\t\t\t\t\t<div class=\"content-room\">\n\t\t\t\t\t\t\t<div class=\"title-room\">\n\t\t\t\t\t\t\t\t\n<div class=\"title\">\n\t<h4>\n\t\t<a href=\"https:\/\/www.lonac.de\/en\/room\/twin-room\/\">Twin room<\/a>\n\t<\/h4>\n<\/div>\n<div class=\"room-types\"><a href=\"https:\/\/www.lonac.de\/en\/room-type\/twin-room\/\" rel=\"tag\">Twin Room<\/a><\/div>\t\t\t\t\t\t\t<\/div>\n\t\t\t\t\t\t\t<div class=\"description\"><p>Twin rooms are equipped with two seperated beds.<\/p>\r\n<div class=\"information_services\">\r\n\t<ul>\r\n\t\t<li title=\"Free Wifi\"><i class=\"fa fa-wifi\"><\/i><\/li>\r\n\t\t<li title=\"Room with phone\"><i class=\"fa fa-phone\"><\/i><\/li>\r\n\t\t<li title=\"Flat screen TV\"><i class=\"fa fa-television\"><\/i><\/li>\r\n\t\t<li title=\"Air conditioning\"><i class=\"fa fa-snowflake-o\"><\/i><\/li>\r\n\t\t<li title=\"Breakfast included\"><i class=\"fa fa-cutlery\"><\/i><\/li>\r\n\t<\/ul>\r\n<\/div><\/div>\t\t\t\t\t\t<\/div>\n\n\t\t\t\t\t\t\n<div class=\"footer-content-room\">\n\t\n\t\t<div class=\"price\">\n\t\t\t<span class=\"title-price\">Price:<\/span>\n\n\t\t\t\t\t\t\t<span class=\"price_value price_min\">\n\t            &euro; 0.0<span class=\"unit\">night<\/span>\n            <\/span>\n\t\t\t\n\t\t<\/div>\n\t\n\t<div class=\"actions\">\n\t\t<div class=\"action-btn\">\n\t\t\t<a href=\"https:\/\/www.lonac.de\/en\/room\/twin-room\/\" class=\"button readmore\">\n\t\t\t\tMore Info\t\t\t<\/a>\n\t\t<\/div>\n\t<\/div>\n<\/div>\t\t\t\t\t<\/div><!-- .summary -->\n\n\t\t\t\t\t\n\t\t\t\t<\/li>\n\n\t\t\t\n\t\t\t\t<li id=\"room-2155\" class=\"post-2155 hb_room type-hb_room status-publish has-post-thumbnail hentry hb_room_type-canopy-bed-room\">\n\n\t\t\t\t\t\n\t\t\t\t\t<div class=\"summary entry-summary\">\n\n\t\t\t\t\t\t\n<div class=\"media\">\n\t<img src=\"https:\/\/www.lonac.de\/wp-content\/uploads\/2019\/12\/041-canopy-540x540.jpg\" width=\"540\" height=\"540\" alt=\"Himmelbett-Zimmer\"\/>\t\t<div class=\"actions\">\n\t\t<div class=\"action-btn\">\n\t\t\t<a href=\"https:\/\/www.lonac.de\/en\/room\/canopy-bed-room\/\" class=\"button readmore\">\n\t\t\t\t<i class=\"las la-external-link-square-alt\"><\/i>\n\t\t\t<\/a>\n\t\t<\/div>\n\t<\/div>\n<\/div>\t\t\t\t\t\t<div class=\"content-room\">\n\t\t\t\t\t\t\t<div class=\"title-room\">\n\t\t\t\t\t\t\t\t\n<div class=\"title\">\n\t<h4>\n\t\t<a href=\"https:\/\/www.lonac.de\/en\/room\/canopy-bed-room\/\">Canopy-Bed Room<\/a>\n\t<\/h4>\n<\/div>\n<div class=\"room-types\"><a href=\"https:\/\/www.lonac.de\/en\/room-type\/canopy-bed-room\/\" rel=\"tag\">Canopy-Bed Room<\/a><\/div>\t\t\t\t\t\t\t<\/div>\n\t\t\t\t\t\t\t<div class=\"description\"><p>The four-poster bedroom is romantically arranged and decorated in smooth colours.<\/p>\r\n<div class=\"information_services\">\r\n\t<ul>\r\n\t\t<li title=\"Free Wifi\"><i class=\"fa fa-wifi\"><\/i><\/li>\r\n\t\t<li title=\"Room with phone\"><i class=\"fa fa-phone\"><\/i><\/li>\r\n\t\t<li title=\"Flat screen TV\"><i class=\"fa fa-television\"><\/i><\/li>\r\n\t\t<li title=\"Air conditioning\"><i class=\"fa fa-snowflake-o\"><\/i><\/li>\r\n\t\t<li title=\"Breakfast included\"><i class=\"fa fa-cutlery\"><\/i><\/li>\r\n\t<\/ul>\r\n<\/div><\/div>\t\t\t\t\t\t<\/div>\n\n\t\t\t\t\t\t\n<div class=\"footer-content-room\">\n\t\n\t\t<div class=\"price\">\n\t\t\t<span class=\"title-price\">Price:<\/span>\n\n\t\t\t\t\t\t\t<span class=\"price_value price_min_to_max\">\n\t\t\t\t&euro; 85.8 - &euro; 96.8\t\t\t\t\t<span class=\"unit\">night<\/span>\n\t\t\t<\/span>\n\n\t\t\t\n\t\t<\/div>\n\t\n\t<div class=\"actions\">\n\t\t<div class=\"action-btn\">\n\t\t\t<a href=\"https:\/\/www.lonac.de\/en\/room\/canopy-bed-room\/\" class=\"button readmore\">\n\t\t\t\tMore Info\t\t\t<\/a>\n\t\t<\/div>\n\t<\/div>\n<\/div>\t\t\t\t\t<\/div><!-- .summary -->\n\n\t\t\t\t\t\n\t\t\t\t<\/li>\n\n\t\t\t\t\t<\/ul>\n\n\t\t\n\t<\/div>\n<\/div>\n<script type=\"text\/javascript\">\n\t(function ($) {\n\t\t\"use strict\";\n\t\t$(document).ready(function () {\n\t\t\tvar thimpress_hotel_booking_carousel = $('#hotel_booking_slider_69d6198596e24 .hb_room_carousel .rooms');\n\t\t\tthimpress_hotel_booking_carousel.owlCarousel({\n\t\t\t\tnav               : false,\n\t\t\t\tdots              : false,\n\t\t\t\titems             : 3,\n\t\t\t\tdotsSpeed         : 600,\n\t\t\t\tsmartSpeed        : 600,\n\t\t\t\tautoplay          : true,\n\t\t\t\tautoplayHoverPause: true,\n\t\t\t\tloop              : true,\n\t\t\t\tresponsive        : {\n\t\t\t\t\t\/\/ breakpoint from 0 up\n\t\t\t\t\t0   : {\n\t\t\t\t\t\titems: 1\n\t\t\t\t\t},\n\t\t\t\t\t\/\/ breakpoint from 480 up\n\t\t\t\t\t480 : {\n\t\t\t\t\t\titems: 1\n\t\t\t\t\t},\n\t\t\t\t\t\/\/ breakpoint from 768 up\n\t\t\t\t\t768 : {\n\t\t\t\t\t\titems: 2\n\t\t\t\t\t},\n\t\t\t\t\t\/\/ breakpoint from 1024 up\n\t\t\t\t\t1024: {\n\t\t\t\t\t\titems: 3\t\t\t\t\t}\n\t\t\t\t}\n\t\t\t});\n\t\t\t\/\/ next\n\t\t\t$('#hotel_booking_slider_69d6198596e24 .navigation .next').click(function () {\n\t\t\t\tthimpress_hotel_booking_carousel.trigger('next.owl.carousel');\n\t\t\t});\n\t\t\t\/\/ prev\n\t\t\t$('#hotel_booking_slider_69d6198596e24 .navigation .prev').click(function () {\n\t\t\t\tthimpress_hotel_booking_carousel.trigger('prev.owl.carousel');\n\t\t\t});\n\t\t});\n\t})(jQuery);\n<\/script><\/div><\/div><\/div><\/div>","protected":false},"excerpt":{"rendered":"<p>Sei es ein gesch\u00e4ftlicher oder ein privater Besuch, der Sie in unser Haus f\u00fchrt, die neuen, komfortabel eingerichteten Zimmer lassen beim anspruchsvollen Gast keinen Wunsch offenLieben Sie es eher gem\u00fctlich-stilvoll oder sollte es etwas moderneres sein? Sie w\u00e4hlen nach Ihrem Wohlgef\u00fchl.Wir sind sicher, dass wir auch Ihren Geschmack treffen.Es w\u00fcrde uns freuen, wenn Sie den [&hellip;]<\/p>\n","protected":false},"author":1,"featured_media":0,"parent":0,"menu_order":0,"comment_status":"closed","ping_status":"closed","template":"","meta":[],"translation":{"provider":"WPGlobus","version":"2.6.0","language":"en","enabled_languages":["de","en"],"languages":{"de":{"title":true,"content":true,"excerpt":false},"en":{"title":false,"content":false,"excerpt":false}}},"_links":{"self":[{"href":"https:\/\/www.lonac.de\/en\/wp-json\/wp\/v2\/pages\/3391"}],"collection":[{"href":"https:\/\/www.lonac.de\/en\/wp-json\/wp\/v2\/pages"}],"about":[{"href":"https:\/\/www.lonac.de\/en\/wp-json\/wp\/v2\/types\/page"}],"author":[{"embeddable":true,"href":"https:\/\/www.lonac.de\/en\/wp-json\/wp\/v2\/users\/1"}],"replies":[{"embeddable":true,"href":"https:\/\/www.lonac.de\/en\/wp-json\/wp\/v2\/comments?post=3391"}],"version-history":[{"count":5,"href":"https:\/\/www.lonac.de\/en\/wp-json\/wp\/v2\/pages\/3391\/revisions"}],"predecessor-version":[{"id":3739,"href":"https:\/\/www.lonac.de\/en\/wp-json\/wp\/v2\/pages\/3391\/revisions\/3739"}],"wp:attachment":[{"href":"https:\/\/www.lonac.de\/en\/wp-json\/wp\/v2\/media?parent=3391"}],"curies":[{"name":"wp","href":"https:\/\/api.w.org\/{rel}","templated":true}]}}